{"id":99,"date":"2024-11-05T09:13:09","date_gmt":"2024-11-05T14:13:09","guid":{"rendered":"https:\/\/projet4.timmatane.ca\/2024\/efc\/eq4\/?page_id=99"},"modified":"2024-12-06T13:46:28","modified_gmt":"2024-12-06T18:46:28","slug":"notre-equipe","status":"publish","type":"page","link":"https:\/\/projet4.timmatane.ca\/2024\/efc\/eq4\/notre-equipe\/","title":{"rendered":"Notre \u00e9quipe"},"content":{"rendered":"\n<section class=\"max-w-[1312px] w-full mt-20\">\n<h5 class=\"text-lg font-medium text-[#3DB67C] px-4\">Notre \u00e9quipe<\/h5>\n<h3 class=\"titre-font text-5xl mt-0 ] px-4\">Une \u00e9quipe passionn\u00e9e<\/h3>\n\n\n\t\t<section class=\"px-8 lg:px-32 w-full my-5\">\n\t\t\t<div class=\"flex flex-wrap justify-evenly gap-4\">\n\t\t\t\t\t\t\t\t\t\t\t\t\t<div class=\"group relative w-full max-w-xs h-36\">\n\t\t\t\t\t<!-- Carte recto -->\n\t\t\t\t\t<div\n\t\t\t\t\t\tclass=\"absolute inset-0 bg-gray-900 rounded-lg p-4 shadow-md border-r-4 border-[#41C281] transition-all duration-500 ease-out opacity-100 group-hover:opacity-0 group-hover:rotate-y-180\">\n\t\t\t\t\t\t<div class=\"flex items-center h-full \">\n\t\t\t\t\t\t<img decoding=\"async\" class=\"w-28 h-28 rounded-lg object-cover mr-6\" src=\"https:\/\/projet4.timmatane.ca\/2024\/efc\/eq4\/wp-content\/uploads\/2024\/11\/marilou-tremblay.webp\" alt=\"Photo du membre\" \/>\n\t\t\t\t\t\t<div class=\"flex flex-col justify-center h-full mt-2\">\n\t\t\t\t\t\t\t<h3 class=\"text-white font-bold text-lg m-0\">\n\t\t\t\t\t\t\tMarilou Tremblay\t\t\t\t\t\t\t<\/h3>\n\t\t\t\t\t\t\t<p class=\"text-gray-400 text-sm break-words m-0\">\n\t\t\t\t\t\t\tCo-cheffe de l'\u00e9quipe\t\t\t\t\t\t\t<\/p>\n\t\t\t\t\t\t<\/div>\n\t\t\t\t\t\t<\/div>\n\t\t\t\t\t<\/div>\n\n\t\t\t\t\t<!-- Carte verso -->\n\t\t\t\t\t<div\n\t\t\t\t\t\tclass=\"absolute inset-0 bg-gray-900 rounded-lg p-4 shadow-md border-r-4 border-[#41C281] transition-all duration-500 ease-in-out opacity-0 group-hover:opacity-100 group-hover:rotate-y-0\">\n\t\t\t\t\t\t<div class=\"flex items-center h-full cursor-default\t\">\n\t\t\t\t\t\t<p class=\"text-gray-400 text-[12px] mt-2 break-words\">\n\t\t\t\t\t\t\t\u00c9tudiante de 4e ann\u00e9e en g\u00e9nie m\u00e9canique, Marilou est une passionn\u00e9e de chasse et de p\u00eache. Elle s\u2019implique dans le projet Baja pour l\u2019exp\u00e9rience enrichissante qu\u2019il offre, rendant ses ann\u00e9es universitaires encore plus stimulantes et plaisantes.\t\t\t\t\t\t<\/p>\n\t\t\t\t\t\t<\/div>\n\t\t\t\t\t<\/div>\n\t\t\t\t\t<\/div>\n\t\t\t\t\t\t\t\t\t<div class=\"group relative w-full max-w-xs h-36\">\n\t\t\t\t\t<!-- Carte recto -->\n\t\t\t\t\t<div\n\t\t\t\t\t\tclass=\"absolute inset-0 bg-gray-900 rounded-lg p-4 shadow-md border-r-4 border-[#41C281] transition-all duration-500 ease-out opacity-100 group-hover:opacity-0 group-hover:rotate-y-180\">\n\t\t\t\t\t\t<div class=\"flex items-center h-full \">\n\t\t\t\t\t\t<img decoding=\"async\" class=\"w-28 h-28 rounded-lg object-cover mr-6\" src=\"https:\/\/projet4.timmatane.ca\/2024\/efc\/eq4\/wp-content\/uploads\/2024\/11\/samuel-lepage.webp\" alt=\"Photo du membre\" \/>\n\t\t\t\t\t\t<div class=\"flex flex-col justify-center h-full mt-2\">\n\t\t\t\t\t\t\t<h3 class=\"text-white font-bold text-lg m-0\">\n\t\t\t\t\t\t\tSamuel Lepage\t\t\t\t\t\t\t<\/h3>\n\t\t\t\t\t\t\t<p class=\"text-gray-400 text-sm break-words m-0\">\n\t\t\t\t\t\t\tCo-cheffe, second pilote, responsable de la conception et de la fabrication\t\t\t\t\t\t\t<\/p>\n\t\t\t\t\t\t<\/div>\n\t\t\t\t\t\t<\/div>\n\t\t\t\t\t<\/div>\n\n\t\t\t\t\t<!-- Carte verso -->\n\t\t\t\t\t<div\n\t\t\t\t\t\tclass=\"absolute inset-0 bg-gray-900 rounded-lg p-4 shadow-md border-r-4 border-[#41C281] transition-all duration-500 ease-in-out opacity-0 group-hover:opacity-100 group-hover:rotate-y-0\">\n\t\t\t\t\t\t<div class=\"flex items-center h-full cursor-default\t\">\n\t\t\t\t\t\t<p class=\"text-gray-400 text-[12px] mt-2 break-words\">\n\t\t\t\t\t\t\tEn 3e ann\u00e9e de g\u00e9nie m\u00e9canique, Samuel est anim\u00e9 par sa passion pour la conception, la m\u00e9canique, et les sports motoris\u00e9s comme le go-kart et les courses Baja. Ayant rejoint l\u2019\u00e9quipe d\u00e8s sa premi\u00e8re ann\u00e9e, il a gravi les \u00e9chelons gr\u00e2ce \u00e0 sa d\u00e9termination et \u00e0 ses comp\u00e9tences, motiv\u00e9 par l\u2019aspect concret que le projet apporte \u00e0 ses \u00e9tudes.\t\t\t\t\t\t<\/p>\n\t\t\t\t\t\t<\/div>\n\t\t\t\t\t<\/div>\n\t\t\t\t\t<\/div>\n\t\t\t\t\t\t\t\t\t<div class=\"group relative w-full max-w-xs h-36\">\n\t\t\t\t\t<!-- Carte recto -->\n\t\t\t\t\t<div\n\t\t\t\t\t\tclass=\"absolute inset-0 bg-gray-900 rounded-lg p-4 shadow-md border-r-4 border-[#41C281] transition-all duration-500 ease-out opacity-100 group-hover:opacity-0 group-hover:rotate-y-180\">\n\t\t\t\t\t\t<div class=\"flex items-center h-full \">\n\t\t\t\t\t\t<img decoding=\"async\" class=\"w-28 h-28 rounded-lg object-cover mr-6\" src=\"https:\/\/projet4.timmatane.ca\/2024\/efc\/eq4\/wp-content\/uploads\/2024\/11\/edmond-larouche.webp\" alt=\"Photo du membre\" \/>\n\t\t\t\t\t\t<div class=\"flex flex-col justify-center h-full mt-2\">\n\t\t\t\t\t\t\t<h3 class=\"text-white font-bold text-lg m-0\">\n\t\t\t\t\t\t\tEdmond Larouche\t\t\t\t\t\t\t<\/h3>\n\t\t\t\t\t\t\t<p class=\"text-gray-400 text-sm break-words m-0\">\n\t\t\t\t\t\t\tConception et fabrication\t\t\t\t\t\t\t<\/p>\n\t\t\t\t\t\t<\/div>\n\t\t\t\t\t\t<\/div>\n\t\t\t\t\t<\/div>\n\n\t\t\t\t\t<!-- Carte verso -->\n\t\t\t\t\t<div\n\t\t\t\t\t\tclass=\"absolute inset-0 bg-gray-900 rounded-lg p-4 shadow-md border-r-4 border-[#41C281] transition-all duration-500 ease-in-out opacity-0 group-hover:opacity-100 group-hover:rotate-y-0\">\n\t\t\t\t\t\t<div class=\"flex items-center h-full cursor-default\t\">\n\t\t\t\t\t\t<p class=\"text-gray-400 text-[12px] mt-2 break-words\">\n\t\t\t\t\t\t\tFutur ing\u00e9nieur en g\u00e9nie m\u00e9canique, Edmond partage son temps entre la p\u00eache, la moto, le soccer et le golf. Il participe au Baja pour perfectionner ses comp\u00e9tences techniques et explorer des projets passionnants en dehors de ses cours.\t\t\t\t\t\t<\/p>\n\t\t\t\t\t\t<\/div>\n\t\t\t\t\t<\/div>\n\t\t\t\t\t<\/div>\n\t\t\t\t\t\t\t\t\t<div class=\"group relative w-full max-w-xs h-36\">\n\t\t\t\t\t<!-- Carte recto -->\n\t\t\t\t\t<div\n\t\t\t\t\t\tclass=\"absolute inset-0 bg-gray-900 rounded-lg p-4 shadow-md border-r-4 border-[#41C281] transition-all duration-500 ease-out opacity-100 group-hover:opacity-0 group-hover:rotate-y-180\">\n\t\t\t\t\t\t<div class=\"flex items-center h-full \">\n\t\t\t\t\t\t<img decoding=\"async\" class=\"w-28 h-28 rounded-lg object-cover mr-6\" src=\"https:\/\/projet4.timmatane.ca\/2024\/efc\/eq4\/wp-content\/uploads\/2024\/11\/frederic-caron.webp\" alt=\"Photo du membre\" \/>\n\t\t\t\t\t\t<div class=\"flex flex-col justify-center h-full mt-2\">\n\t\t\t\t\t\t\t<h3 class=\"text-white font-bold text-lg m-0\">\n\t\t\t\t\t\t\tFr\u00e9d\u00e9ric Caron\t\t\t\t\t\t\t<\/h3>\n\t\t\t\t\t\t\t<p class=\"text-gray-400 text-sm break-words m-0\">\n\t\t\t\t\t\t\tConception du syst\u00e8me de suspension\t\t\t\t\t\t\t<\/p>\n\t\t\t\t\t\t<\/div>\n\t\t\t\t\t\t<\/div>\n\t\t\t\t\t<\/div>\n\n\t\t\t\t\t<!-- Carte verso -->\n\t\t\t\t\t<div\n\t\t\t\t\t\tclass=\"absolute inset-0 bg-gray-900 rounded-lg p-4 shadow-md border-r-4 border-[#41C281] transition-all duration-500 ease-in-out opacity-0 group-hover:opacity-100 group-hover:rotate-y-0\">\n\t\t\t\t\t\t<div class=\"flex items-center h-full cursor-default\t\">\n\t\t\t\t\t\t<p class=\"text-gray-400 text-[12px] mt-2 break-words\">\n\t\t\t\t\t\t\t\u00c9tudiant de 3e ann\u00e9e en g\u00e9nie m\u00e9canique, Fr\u00e9d\u00e9ric est passionn\u00e9 de sport, particuli\u00e8rement de v\u00e9lo de montagne. Fascin\u00e9 par le fonctionnement des suspensions, il applique son expertise dans ce domaine pour optimiser le comportement du Baja face aux terrains accident\u00e9s.\t\t\t\t\t\t<\/p>\n\t\t\t\t\t\t<\/div>\n\t\t\t\t\t<\/div>\n\t\t\t\t\t<\/div>\n\t\t\t\t\t\t\t\t\t<div class=\"group relative w-full max-w-xs h-36\">\n\t\t\t\t\t<!-- Carte recto -->\n\t\t\t\t\t<div\n\t\t\t\t\t\tclass=\"absolute inset-0 bg-gray-900 rounded-lg p-4 shadow-md border-r-4 border-[#41C281] transition-all duration-500 ease-out opacity-100 group-hover:opacity-0 group-hover:rotate-y-180\">\n\t\t\t\t\t\t<div class=\"flex items-center h-full \">\n\t\t\t\t\t\t<img decoding=\"async\" class=\"w-28 h-28 rounded-lg object-cover mr-6\" src=\"https:\/\/projet4.timmatane.ca\/2024\/efc\/eq4\/wp-content\/uploads\/2024\/11\/maxime-rouillard.webp\" alt=\"Photo du membre\" \/>\n\t\t\t\t\t\t<div class=\"flex flex-col justify-center h-full mt-2\">\n\t\t\t\t\t\t\t<h3 class=\"text-white font-bold text-lg m-0\">\n\t\t\t\t\t\t\tMaxime Rouillard\t\t\t\t\t\t\t<\/h3>\n\t\t\t\t\t\t\t<p class=\"text-gray-400 text-sm break-words m-0\">\n\t\t\t\t\t\t\tMembre\t\t\t\t\t\t\t<\/p>\n\t\t\t\t\t\t<\/div>\n\t\t\t\t\t\t<\/div>\n\t\t\t\t\t<\/div>\n\n\t\t\t\t\t<!-- Carte verso -->\n\t\t\t\t\t<div\n\t\t\t\t\t\tclass=\"absolute inset-0 bg-gray-900 rounded-lg p-4 shadow-md border-r-4 border-[#41C281] transition-all duration-500 ease-in-out opacity-0 group-hover:opacity-100 group-hover:rotate-y-0\">\n\t\t\t\t\t\t<div class=\"flex items-center h-full cursor-default\t\">\n\t\t\t\t\t\t<p class=\"text-gray-400 text-[12px] mt-2 break-words\">\n\t\t\t\t\t\t\t\u00c9tudiant en g\u00e9nie m\u00e9canique, Maxime aime r\u00e9soudre des probl\u00e8mes techniques et entreprendre des projets DIY. Il s\u2019implique dans le Baja pour relever les d\u00e9fis de conception, apporter des id\u00e9es constructives, trouver des solutions aux probl\u00e8mes et surtout, cr\u00e9er un projet concret et stimulant en compagnie de ses amis.\t\t\t\t\t\t<\/p>\n\t\t\t\t\t\t<\/div>\n\t\t\t\t\t<\/div>\n\t\t\t\t\t<\/div>\n\t\t\t\t\t\t\t\t\t<div class=\"group relative w-full max-w-xs h-36\">\n\t\t\t\t\t<!-- Carte recto -->\n\t\t\t\t\t<div\n\t\t\t\t\t\tclass=\"absolute inset-0 bg-gray-900 rounded-lg p-4 shadow-md border-r-4 border-[#41C281] transition-all duration-500 ease-out opacity-100 group-hover:opacity-0 group-hover:rotate-y-180\">\n\t\t\t\t\t\t<div class=\"flex items-center h-full \">\n\t\t\t\t\t\t<img decoding=\"async\" class=\"w-28 h-28 rounded-lg object-cover mr-6\" src=\"https:\/\/projet4.timmatane.ca\/2024\/efc\/eq4\/wp-content\/uploads\/2024\/11\/rosalie-jalbert.webp\" alt=\"Photo du membre\" \/>\n\t\t\t\t\t\t<div class=\"flex flex-col justify-center h-full mt-2\">\n\t\t\t\t\t\t\t<h3 class=\"text-white font-bold text-lg m-0\">\n\t\t\t\t\t\t\tRosalie Jalbert\t\t\t\t\t\t\t<\/h3>\n\t\t\t\t\t\t\t<p class=\"text-gray-400 text-sm break-words m-0\">\n\t\t\t\t\t\t\tResponsable des communications\t\t\t\t\t\t\t<\/p>\n\t\t\t\t\t\t<\/div>\n\t\t\t\t\t\t<\/div>\n\t\t\t\t\t<\/div>\n\n\t\t\t\t\t<!-- Carte verso -->\n\t\t\t\t\t<div\n\t\t\t\t\t\tclass=\"absolute inset-0 bg-gray-900 rounded-lg p-4 shadow-md border-r-4 border-[#41C281] transition-all duration-500 ease-in-out opacity-0 group-hover:opacity-100 group-hover:rotate-y-0\">\n\t\t\t\t\t\t<div class=\"flex items-center h-full cursor-default\t\">\n\t\t\t\t\t\t<p class=\"text-gray-400 text-[12px] mt-2 break-words\">\n\t\t\t\t\t\t\t\u00c9tudiante en g\u00e9nie m\u00e9canique, Rosalie allie sa passion pour le bodybuilding \u00e0 son d\u00e9sir constant d\u2019apprendre. Le projet Baja lui permet d\u2019appliquer ses connaissances th\u00e9oriques tout en approfondissant son expertise pratique en m\u00e9canique.\t\t\t\t\t\t<\/p>\n\t\t\t\t\t\t<\/div>\n\t\t\t\t\t<\/div>\n\t\t\t\t\t<\/div>\n\t\t\t\t\t\t\t\t\t<div class=\"group relative w-full max-w-xs h-36\">\n\t\t\t\t\t<!-- Carte recto -->\n\t\t\t\t\t<div\n\t\t\t\t\t\tclass=\"absolute inset-0 bg-gray-900 rounded-lg p-4 shadow-md border-r-4 border-[#41C281] transition-all duration-500 ease-out opacity-100 group-hover:opacity-0 group-hover:rotate-y-180\">\n\t\t\t\t\t\t<div class=\"flex items-center h-full \">\n\t\t\t\t\t\t<img decoding=\"async\" class=\"w-28 h-28 rounded-lg object-cover mr-6\" src=\"https:\/\/projet4.timmatane.ca\/2024\/efc\/eq4\/wp-content\/uploads\/2024\/11\/sammy-cote.webp\" alt=\"Photo du membre\" \/>\n\t\t\t\t\t\t<div class=\"flex flex-col justify-center h-full mt-2\">\n\t\t\t\t\t\t\t<h3 class=\"text-white font-bold text-lg m-0\">\n\t\t\t\t\t\t\tSammy C\u00f4t\u00e9\t\t\t\t\t\t\t<\/h3>\n\t\t\t\t\t\t\t<p class=\"text-gray-400 text-sm break-words m-0\">\n\t\t\t\t\t\t\tConception et recherche de pi\u00e8ces\t\t\t\t\t\t\t<\/p>\n\t\t\t\t\t\t<\/div>\n\t\t\t\t\t\t<\/div>\n\t\t\t\t\t<\/div>\n\n\t\t\t\t\t<!-- Carte verso -->\n\t\t\t\t\t<div\n\t\t\t\t\t\tclass=\"absolute inset-0 bg-gray-900 rounded-lg p-4 shadow-md border-r-4 border-[#41C281] transition-all duration-500 ease-in-out opacity-0 group-hover:opacity-100 group-hover:rotate-y-0\">\n\t\t\t\t\t\t<div class=\"flex items-center h-full cursor-default\t\">\n\t\t\t\t\t\t<p class=\"text-gray-400 text-[12px] mt-2 break-words\">\n\t\t\t\t\t\t\t\u00c9tudiant en g\u00e9nie m\u00e9canique, Sammy partage son temps entre le hockey, la chasse et la p\u00eache. Il adore travailler en \u00e9quipe pour concevoir un bolide de comp\u00e9tition qui se d\u00e9marque, r\u00e9alis\u00e9 enti\u00e8rement par les membres de l\u2019\u00e9quipe.\t\t\t\t\t\t<\/p>\n\t\t\t\t\t\t<\/div>\n\t\t\t\t\t<\/div>\n\t\t\t\t\t<\/div>\n\t\t\t\t\t\t\t\t\t<div class=\"group relative w-full max-w-xs h-36\">\n\t\t\t\t\t<!-- Carte recto -->\n\t\t\t\t\t<div\n\t\t\t\t\t\tclass=\"absolute inset-0 bg-gray-900 rounded-lg p-4 shadow-md border-r-4 border-[#41C281] transition-all duration-500 ease-out opacity-100 group-hover:opacity-0 group-hover:rotate-y-180\">\n\t\t\t\t\t\t<div class=\"flex items-center h-full \">\n\t\t\t\t\t\t<img decoding=\"async\" class=\"w-28 h-28 rounded-lg object-cover mr-6\" src=\"https:\/\/projet4.timmatane.ca\/2024\/efc\/eq4\/wp-content\/uploads\/2024\/11\/thomas-nadeau.webp\" alt=\"Photo du membre\" \/>\n\t\t\t\t\t\t<div class=\"flex flex-col justify-center h-full mt-2\">\n\t\t\t\t\t\t\t<h3 class=\"text-white font-bold text-lg m-0\">\n\t\t\t\t\t\t\tThomas Nadeau\t\t\t\t\t\t\t<\/h3>\n\t\t\t\t\t\t\t<p class=\"text-gray-400 text-sm break-words m-0\">\n\t\t\t\t\t\t\tMembre\t\t\t\t\t\t\t<\/p>\n\t\t\t\t\t\t<\/div>\n\t\t\t\t\t\t<\/div>\n\t\t\t\t\t<\/div>\n\n\t\t\t\t\t<!-- Carte verso -->\n\t\t\t\t\t<div\n\t\t\t\t\t\tclass=\"absolute inset-0 bg-gray-900 rounded-lg p-4 shadow-md border-r-4 border-[#41C281] transition-all duration-500 ease-in-out opacity-0 group-hover:opacity-100 group-hover:rotate-y-0\">\n\t\t\t\t\t\t<div class=\"flex items-center h-full cursor-default\t\">\n\t\t\t\t\t\t<p class=\"text-gray-400 text-[12px] mt-2 break-words\">\n\t\t\t\t\t\t\tArrivant d\u2019un parcours technique en g\u00e9nie m\u00e9canique de marine, Thomas est motiv\u00e9 par la m\u00e9canique, les jeux vid\u00e9o et la lecture. Il s\u2019implique dans le projet Baja pour acqu\u00e9rir une exp\u00e9rience pratique et d\u00e9velopper sa rigueur technique.\t\t\t\t\t\t<\/p>\n\t\t\t\t\t\t<\/div>\n\t\t\t\t\t<\/div>\n\t\t\t\t\t<\/div>\n\t\t\t\t\t\t\t\t\t<div class=\"group relative w-full max-w-xs h-36\">\n\t\t\t\t\t<!-- Carte recto -->\n\t\t\t\t\t<div\n\t\t\t\t\t\tclass=\"absolute inset-0 bg-gray-900 rounded-lg p-4 shadow-md border-r-4 border-[#41C281] transition-all duration-500 ease-out opacity-100 group-hover:opacity-0 group-hover:rotate-y-180\">\n\t\t\t\t\t\t<div class=\"flex items-center h-full \">\n\t\t\t\t\t\t<img decoding=\"async\" class=\"w-28 h-28 rounded-lg object-cover mr-6\" src=\"https:\/\/projet4.timmatane.ca\/2024\/efc\/eq4\/wp-content\/uploads\/2024\/11\/xavier-ouellet.webp\" alt=\"Photo du membre\" \/>\n\t\t\t\t\t\t<div class=\"flex flex-col justify-center h-full mt-2\">\n\t\t\t\t\t\t\t<h3 class=\"text-white font-bold text-lg m-0\">\n\t\t\t\t\t\t\tXavier Ouellet\t\t\t\t\t\t\t<\/h3>\n\t\t\t\t\t\t\t<p class=\"text-gray-400 text-sm break-words m-0\">\n\t\t\t\t\t\t\tPilote et aide \u00e0 la conception\t\t\t\t\t\t\t<\/p>\n\t\t\t\t\t\t<\/div>\n\t\t\t\t\t\t<\/div>\n\t\t\t\t\t<\/div>\n\n\t\t\t\t\t<!-- Carte verso -->\n\t\t\t\t\t<div\n\t\t\t\t\t\tclass=\"absolute inset-0 bg-gray-900 rounded-lg p-4 shadow-md border-r-4 border-[#41C281] transition-all duration-500 ease-in-out opacity-0 group-hover:opacity-100 group-hover:rotate-y-0\">\n\t\t\t\t\t\t<div class=\"flex items-center h-full cursor-default\t\">\n\t\t\t\t\t\t<p class=\"text-gray-400 text-[12px] mt-2 break-words\">\n\t\t\t\t\t\t\t\u00c9tudiant en g\u00e9nie des syst\u00e8mes \u00e9lectrom\u00e9caniques, Xavier excelle dans la programmation et l\u2019impression 3D. Il a rejoint le projet Baja pour d\u00e9velopper ses comp\u00e9tences en m\u00e9canique tout en se mesurant aux d\u00e9fis des comp\u00e9titions derri\u00e8re le volant.\t\t\t\t\t\t<\/p>\n\t\t\t\t\t\t<\/div>\n\t\t\t\t\t<\/div>\n\t\t\t\t\t<\/div>\n\t\t\t\t\t\t\t\t\t\t\t<\/div>\n\t\t\t<p class=\"text-center mt-12\">\n\t\t\t\t<a href=\"https:\/\/projet4.timmatane.ca\/2024\/efc\/eq4\/contact\/\" class=\"px-6 py-2 bouton-nobg-1 inline-block\">Nous contacter<\/a>\n\t\t\t<\/p>\n\t\t<\/section>\n\n\t\t\n<\/section>\n","protected":false},"excerpt":{"rendered":"<p>Notre \u00e9quipe Une \u00e9quipe passionn\u00e9e<\/p>\n","protected":false},"author":1,"featured_media":0,"parent":0,"menu_order":0,"comment_status":"closed","ping_status":"closed","template":"templates\/equipe-templates.php","meta":{"_acf_changed":false,"footnotes":""},"class_list":["post-99","page","type-page","status-publish","hentry"],"acf":[],"yoast_head":"<!-- This site is optimized with the Yoast SEO plugin v24.0 - https:\/\/yoast.com\/wordpress\/plugins\/seo\/ -->\n<title>Notre \u00e9quipe - Nordic Wolf<\/title>\n<meta name=\"robots\" content=\"noindex, follow, max-snippet:-1, max-image-preview:large, max-video-preview:-1\" \/>\n<meta property=\"og:locale\" content=\"fr_CA\" \/>\n<meta property=\"og:type\" content=\"article\" \/>\n<meta property=\"og:title\" content=\"Notre \u00e9quipe - Nordic Wolf\" \/>\n<meta property=\"og:description\" content=\"Notre \u00e9quipe Une \u00e9quipe passionn\u00e9e\" \/>\n<meta property=\"og:url\" content=\"https:\/\/projet4.timmatane.ca\/2024\/efc\/eq4\/notre-equipe\/\" \/>\n<meta property=\"og:site_name\" content=\"Nordic Wolf\" \/>\n<meta property=\"article:publisher\" content=\"https:\/\/www.facebook.com\/bajasaeuqar\/?fref=ts\" \/>\n<meta property=\"article:modified_time\" content=\"2024-12-06T18:46:28+00:00\" \/>\n<meta name=\"twitter:card\" content=\"summary_large_image\" \/>\n<meta name=\"twitter:label1\" content=\"Estimation du temps de lecture\" \/>\n\t<meta name=\"twitter:data1\" content=\"1 minute\" \/>\n<script type=\"application\/ld+json\" class=\"yoast-schema-graph\">{\"@context\":\"https:\/\/schema.org\",\"@graph\":[{\"@type\":\"WebPage\",\"@id\":\"https:\/\/projet4.timmatane.ca\/2024\/efc\/eq4\/notre-equipe\/\",\"url\":\"https:\/\/projet4.timmatane.ca\/2024\/efc\/eq4\/notre-equipe\/\",\"name\":\"Notre \u00e9quipe - Nordic Wolf\",\"isPartOf\":{\"@id\":\"https:\/\/projet4.timmatane.ca\/2024\/efc\/eq4\/#website\"},\"datePublished\":\"2024-11-05T14:13:09+00:00\",\"dateModified\":\"2024-12-06T18:46:28+00:00\",\"breadcrumb\":{\"@id\":\"https:\/\/projet4.timmatane.ca\/2024\/efc\/eq4\/notre-equipe\/#breadcrumb\"},\"inLanguage\":\"fr-CA\",\"potentialAction\":[{\"@type\":\"ReadAction\",\"target\":[\"https:\/\/projet4.timmatane.ca\/2024\/efc\/eq4\/notre-equipe\/\"]}]},{\"@type\":\"BreadcrumbList\",\"@id\":\"https:\/\/projet4.timmatane.ca\/2024\/efc\/eq4\/notre-equipe\/#breadcrumb\",\"itemListElement\":[{\"@type\":\"ListItem\",\"position\":1,\"name\":\"Accueil\",\"item\":\"https:\/\/projet4.timmatane.ca\/2024\/efc\/eq4\/\"},{\"@type\":\"ListItem\",\"position\":2,\"name\":\"Notre \u00e9quipe\"}]},{\"@type\":\"WebSite\",\"@id\":\"https:\/\/projet4.timmatane.ca\/2024\/efc\/eq4\/#website\",\"url\":\"https:\/\/projet4.timmatane.ca\/2024\/efc\/eq4\/\",\"name\":\"Nordic Wolf\",\"description\":\"Nordic Wolf est une \u00e9quipe de l&#039;Universit\u00e9 de Rimouski d\u00e9di\u00e9e \u00e0 concevoir et tester des v\u00e9hicules tout-terrain performants dans des comp\u00e9titions \u00e9tudiantes.\",\"publisher\":{\"@id\":\"https:\/\/projet4.timmatane.ca\/2024\/efc\/eq4\/#organization\"},\"potentialAction\":[{\"@type\":\"SearchAction\",\"target\":{\"@type\":\"EntryPoint\",\"urlTemplate\":\"https:\/\/projet4.timmatane.ca\/2024\/efc\/eq4\/?s={search_term_string}\"},\"query-input\":{\"@type\":\"PropertyValueSpecification\",\"valueRequired\":true,\"valueName\":\"search_term_string\"}}],\"inLanguage\":\"fr-CA\"},{\"@type\":\"Organization\",\"@id\":\"https:\/\/projet4.timmatane.ca\/2024\/efc\/eq4\/#organization\",\"name\":\"Nordic Wolf\",\"url\":\"https:\/\/projet4.timmatane.ca\/2024\/efc\/eq4\/\",\"logo\":{\"@type\":\"ImageObject\",\"inLanguage\":\"fr-CA\",\"@id\":\"https:\/\/projet4.timmatane.ca\/2024\/efc\/eq4\/#\/schema\/logo\/image\/\",\"url\":\"https:\/\/projet4.timmatane.ca\/2024\/efc\/eq4\/wp-content\/uploads\/2024\/11\/logo-nordic-wolf-cropped.png\",\"contentUrl\":\"https:\/\/projet4.timmatane.ca\/2024\/efc\/eq4\/wp-content\/uploads\/2024\/11\/logo-nordic-wolf-cropped.png\",\"width\":732,\"height\":732,\"caption\":\"Nordic Wolf\"},\"image\":{\"@id\":\"https:\/\/projet4.timmatane.ca\/2024\/efc\/eq4\/#\/schema\/logo\/image\/\"},\"sameAs\":[\"https:\/\/www.facebook.com\/bajasaeuqar\/?fref=ts\",\"https:\/\/www.instagram.com\/bajauqar\/?utm_source=ig_web_button_share_sheet&igsh=ZDNlZDc0MzIxNw\"]}]}<\/script>\n<!-- \/ Yoast SEO plugin. -->","yoast_head_json":{"title":"Notre \u00e9quipe - Nordic Wolf","robots":{"index":"noindex","follow":"follow","max-snippet":"max-snippet:-1","max-image-preview":"max-image-preview:large","max-video-preview":"max-video-preview:-1"},"og_locale":"fr_CA","og_type":"article","og_title":"Notre \u00e9quipe - Nordic Wolf","og_description":"Notre \u00e9quipe Une \u00e9quipe passionn\u00e9e","og_url":"https:\/\/projet4.timmatane.ca\/2024\/efc\/eq4\/notre-equipe\/","og_site_name":"Nordic Wolf","article_publisher":"https:\/\/www.facebook.com\/bajasaeuqar\/?fref=ts","article_modified_time":"2024-12-06T18:46:28+00:00","twitter_card":"summary_large_image","twitter_misc":{"Estimation du temps de lecture":"1 minute"},"schema":{"@context":"https:\/\/schema.org","@graph":[{"@type":"WebPage","@id":"https:\/\/projet4.timmatane.ca\/2024\/efc\/eq4\/notre-equipe\/","url":"https:\/\/projet4.timmatane.ca\/2024\/efc\/eq4\/notre-equipe\/","name":"Notre \u00e9quipe - Nordic Wolf","isPartOf":{"@id":"https:\/\/projet4.timmatane.ca\/2024\/efc\/eq4\/#website"},"datePublished":"2024-11-05T14:13:09+00:00","dateModified":"2024-12-06T18:46:28+00:00","breadcrumb":{"@id":"https:\/\/projet4.timmatane.ca\/2024\/efc\/eq4\/notre-equipe\/#breadcrumb"},"inLanguage":"fr-CA","potentialAction":[{"@type":"ReadAction","target":["https:\/\/projet4.timmatane.ca\/2024\/efc\/eq4\/notre-equipe\/"]}]},{"@type":"BreadcrumbList","@id":"https:\/\/projet4.timmatane.ca\/2024\/efc\/eq4\/notre-equipe\/#breadcrumb","itemListElement":[{"@type":"ListItem","position":1,"name":"Accueil","item":"https:\/\/projet4.timmatane.ca\/2024\/efc\/eq4\/"},{"@type":"ListItem","position":2,"name":"Notre \u00e9quipe"}]},{"@type":"WebSite","@id":"https:\/\/projet4.timmatane.ca\/2024\/efc\/eq4\/#website","url":"https:\/\/projet4.timmatane.ca\/2024\/efc\/eq4\/","name":"Nordic Wolf","description":"Nordic Wolf est une \u00e9quipe de l&#039;Universit\u00e9 de Rimouski d\u00e9di\u00e9e \u00e0 concevoir et tester des v\u00e9hicules tout-terrain performants dans des comp\u00e9titions \u00e9tudiantes.","publisher":{"@id":"https:\/\/projet4.timmatane.ca\/2024\/efc\/eq4\/#organization"},"potentialAction":[{"@type":"SearchAction","target":{"@type":"EntryPoint","urlTemplate":"https:\/\/projet4.timmatane.ca\/2024\/efc\/eq4\/?s={search_term_string}"},"query-input":{"@type":"PropertyValueSpecification","valueRequired":true,"valueName":"search_term_string"}}],"inLanguage":"fr-CA"},{"@type":"Organization","@id":"https:\/\/projet4.timmatane.ca\/2024\/efc\/eq4\/#organization","name":"Nordic Wolf","url":"https:\/\/projet4.timmatane.ca\/2024\/efc\/eq4\/","logo":{"@type":"ImageObject","inLanguage":"fr-CA","@id":"https:\/\/projet4.timmatane.ca\/2024\/efc\/eq4\/#\/schema\/logo\/image\/","url":"https:\/\/projet4.timmatane.ca\/2024\/efc\/eq4\/wp-content\/uploads\/2024\/11\/logo-nordic-wolf-cropped.png","contentUrl":"https:\/\/projet4.timmatane.ca\/2024\/efc\/eq4\/wp-content\/uploads\/2024\/11\/logo-nordic-wolf-cropped.png","width":732,"height":732,"caption":"Nordic Wolf"},"image":{"@id":"https:\/\/projet4.timmatane.ca\/2024\/efc\/eq4\/#\/schema\/logo\/image\/"},"sameAs":["https:\/\/www.facebook.com\/bajasaeuqar\/?fref=ts","https:\/\/www.instagram.com\/bajauqar\/?utm_source=ig_web_button_share_sheet&igsh=ZDNlZDc0MzIxNw"]}]}},"_links":{"self":[{"href":"https:\/\/projet4.timmatane.ca\/2024\/efc\/eq4\/wp-json\/wp\/v2\/pages\/99","targetHints":{"allow":["GET"]}}],"collection":[{"href":"https:\/\/projet4.timmatane.ca\/2024\/efc\/eq4\/wp-json\/wp\/v2\/pages"}],"about":[{"href":"https:\/\/projet4.timmatane.ca\/2024\/efc\/eq4\/wp-json\/wp\/v2\/types\/page"}],"author":[{"embeddable":true,"href":"https:\/\/projet4.timmatane.ca\/2024\/efc\/eq4\/wp-json\/wp\/v2\/users\/1"}],"replies":[{"embeddable":true,"href":"https:\/\/projet4.timmatane.ca\/2024\/efc\/eq4\/wp-json\/wp\/v2\/comments?post=99"}],"version-history":[{"count":21,"href":"https:\/\/projet4.timmatane.ca\/2024\/efc\/eq4\/wp-json\/wp\/v2\/pages\/99\/revisions"}],"predecessor-version":[{"id":779,"href":"https:\/\/projet4.timmatane.ca\/2024\/efc\/eq4\/wp-json\/wp\/v2\/pages\/99\/revisions\/779"}],"wp:attachment":[{"href":"https:\/\/projet4.timmatane.ca\/2024\/efc\/eq4\/wp-json\/wp\/v2\/media?parent=99"}],"curies":[{"name":"wp","href":"https:\/\/api.w.org\/{rel}","templated":true}]}}